{"id":329,"date":"2015-10-12T23:31:46","date_gmt":"2015-10-12T23:31:46","guid":{"rendered":"http:\/\/rincondeani.com\/?page_id=329"},"modified":"2016-10-15T09:52:43","modified_gmt":"2016-10-15T09:52:43","slug":"talleres","status":"publish","type":"page","link":"http:\/\/hilanderadesue\u00f1os.com\/?page_id=329","title":{"rendered":"Encuentros Natura"},"content":{"rendered":"<p style=\"text-align: justify;\"><a href=\"http:\/\/xn--hilanderadesueos-kub.com\/wp-content\/uploads\/2015\/10\/IMG_3333.jpg\"><br \/>\n<\/a><span style=\"color: #808000;\"><em>\u00abLos encuentros\u00a0que aqu\u00ed se llevan a cabo siguen la filosof\u00eda de compartir conocimiento y no tienen ning\u00fan fin comercial\u00bb<\/em><\/span><\/p>\n<p style=\"text-align: justify;\">Su \u00fanico objetivo es contribuir al desarrollo personal y al <em><span style=\"text-decoration: underline;\">beneficio terap\u00e9utico<\/span><\/em> que proporcionan estos encuentros sociales donde crear alianzas humanas y <em><span style=\"text-decoration: underline;\">desarrollar la creatividad<\/span><\/em>.<\/p>\n<p style=\"text-align: justify;\">Es por ello que las contribuciones o aportaciones realizadas ser\u00e1n destinadas al mantenimiento y realizaci\u00f3n de los mismos y en su caso a la colaboraci\u00f3n con otras entidades con fines sociales sin \u00e1nimo de lucro, contribuyendo al acercamiento de los mismos\u00a0a personas en riesgo de exclusi\u00f3n social.<\/p>\n<p style=\"text-align: justify;\"><a href=\"http:\/\/xn--hilanderadesueos-kub.com\/wp-content\/uploads\/2015\/10\/IMG_3333.jpg\"><img decoding=\"async\" loading=\"lazy\" class=\"aligncenter size-large wp-image-397\" src=\"http:\/\/xn--hilanderadesueos-kub.com\/wp-content\/uploads\/2015\/10\/IMG_3333-768x1024.jpg\" alt=\"Espacio Talleres\" width=\"768\" height=\"1024\" srcset=\"http:\/\/xn--hilanderadesueos-kub.com\/wp-content\/uploads\/2015\/10\/IMG_3333-768x1024.jpg 768w, http:\/\/xn--hilanderadesueos-kub.com\/wp-content\/uploads\/2015\/10\/IMG_3333-225x300.jpg 225w, http:\/\/xn--hilanderadesueos-kub.com\/wp-content\/uploads\/2015\/10\/IMG_3333-940x1253.jpg 940w\" sizes=\"(max-width: 768px) 100vw, 768px\" \/><\/a><\/p>\n<p>&nbsp;<\/p>\n<p style=\"text-align: justify;\">\u00abHilanderas y Tintoreros, Tejedoras y Bordadoras nos han proporcionado abrigo con exquisito cuidado a lo largo del tiempo.\u00a0Cal\u00edgrafos y Encuadernadores nos han transmitido el Saber rodeado de belleza. En HdS disfrutamos haci\u00e9ndolo o al menos intent\u00e1ndolo, sabedores de los beneficios terap\u00e9uticos que nos proporciona y lo acercamos a todo el que como yo lo quiera probar\u00bb<\/p>\n<p style=\"text-align: center;\"><span style=\"color: #808000;\"><em>Aqu\u00ed podr\u00e1s seguir conociendo m\u00e1s sobre las \u00a0\u00abHilanderas por el Mundo\u00bb O si te interesa aqu\u00ed podr\u00e1s saber m\u00e1s sobre c\u00f3mo \u00abSue\u00f1o una Escuela\u00bb. Si lo que prefieres es ponerte al d\u00eda de lo \u00faltimo en el <a href=\"http:\/\/xn--hilanderadesueos-kub.com\/#my-blog\">\u00abCuaderno de Bit\u00e1cora\u00bb<\/a> tambi\u00e9n te est\u00e1 esperando el Blog.<\/em><\/span><\/p>\n","protected":false},"excerpt":{"rendered":"<p>\u00abLos encuentros\u00a0que aqu\u00ed se llevan a cabo siguen la filosof\u00eda de compartir conocimiento y no tienen ning\u00fan fin comercial\u00bb Su \u00fanico objetivo es contribuir al desarrollo personal y al beneficio terap\u00e9utico que proporcionan estos encuentros sociales donde crear alianzas humanas y desarrollar la creatividad. Es por ello que las contribuciones o aportaciones realizadas ser\u00e1n destinadas [&hellip;]<\/p>\n","protected":false},"author":3,"featured_media":148,"parent":0,"menu_order":0,"comment_status":"closed","ping_status":"closed","template":"","meta":[],"_links":{"self":[{"href":"http:\/\/hilanderadesue\u00f1os.com\/index.php?rest_route=\/wp\/v2\/pages\/329"}],"collection":[{"href":"http:\/\/hilanderadesue\u00f1os.com\/index.php?rest_route=\/wp\/v2\/pages"}],"about":[{"href":"http:\/\/hilanderadesue\u00f1os.com\/index.php?rest_route=\/wp\/v2\/types\/page"}],"author":[{"embeddable":true,"href":"http:\/\/hilanderadesue\u00f1os.com\/index.php?rest_route=\/wp\/v2\/users\/3"}],"replies":[{"embeddable":true,"href":"http:\/\/hilanderadesue\u00f1os.com\/index.php?rest_route=%2Fwp%2Fv2%2Fcomments&post=329"}],"version-history":[{"count":40,"href":"http:\/\/hilanderadesue\u00f1os.com\/index.php?rest_route=\/wp\/v2\/pages\/329\/revisions"}],"predecessor-version":[{"id":561,"href":"http:\/\/hilanderadesue\u00f1os.com\/index.php?rest_route=\/wp\/v2\/pages\/329\/revisions\/561"}],"wp:featuredmedia":[{"embeddable":true,"href":"http:\/\/hilanderadesue\u00f1os.com\/index.php?rest_route=\/wp\/v2\/media\/148"}],"wp:attachment":[{"href":"http:\/\/hilanderadesue\u00f1os.com\/index.php?rest_route=%2Fwp%2Fv2%2Fmedia&parent=329"}],"curies":[{"name":"wp","href":"https:\/\/api.w.org\/{rel}","templated":true}]}}